{"id":72,"date":"2023-12-12T11:43:00","date_gmt":"2023-12-12T11:43:00","guid":{"rendered":"https:\/\/chateau-saintmartin-de-graves.com\/boutique\/?post_type=product&#038;p=72"},"modified":"2025-05-15T13:50:33","modified_gmt":"2025-05-15T13:50:33","slug":"aop-languedoc-rose-bleu","status":"publish","type":"product","link":"https:\/\/www.chateau-saintmartin-de-graves.com\/boutique\/product\/aop-languedoc-rose-bleu\/","title":{"rendered":"AOP Languedoc Ros\u00e9 Bleu"},"content":{"rendered":"<p class=\"cvGsUA direction-ltr align-justify para-style-body\"><span class=\"OYPEnA font-feature-liga-off font-feature-clig-off font-feature-calt-off text-decoration-none text-strikethrough-none\">Ce vin est compos\u00e9 de Cinsault, Grenache et Syrah\u00a0<\/span><\/p>\n<p class=\"cvGsUA direction-ltr align-justify para-style-body\"><span class=\"OYPEnA font-feature-liga-off font-feature-clig-off font-feature-calt-off text-decoration-none text-strikethrough-none\">Le nez, est fin, min\u00e9ral et fruit\u00e9, ar\u00f4me de cerise avec une l\u00e9g\u00e8re touche de vanille venant adoucir la complexit\u00e9 de ce vin.<\/span><\/p>\n<p class=\"cvGsUA direction-ltr align-justify para-style-body\"><span class=\"OYPEnA font-feature-liga-off font-feature-clig-off font-feature-calt-off text-decoration-none text-strikethrough-none\">En bouche, l\u2019attaque est franche et tr\u00e8s \u00e9quilibr\u00e9, ce vin est friand, souple, fruit\u00e9, avec une belle persistance aromatique fra\u00eeche et min\u00e9rale.<\/span><\/p>\n<p><span class=\"OYPEnA font-feature-liga-off font-feature-clig-off font-feature-calt-off text-decoration-none text-strikethrough-none\">C\u2019est un vin d\u2019ambiance, \u00e0 d\u00e9guster entre amis \u00e0 l\u2019ap\u00e9ritif, sur des grillades, viande blanche et charcuterie.<\/span><\/p>\n<p><span class=\"OYPEnA font-feature-liga-off font-feature-clig-off font-feature-calt-off text-decoration-none text-strikethrough-none\"><a href=\"https:\/\/www.chateau-saintmartin-de-graves.com\/boutique\/wp-content\/uploads\/2023\/12\/rose-bleu-2024.pdf\">Fiche technique<\/a><\/span><\/p>\n","protected":false},"excerpt":{"rendered":"<p>Ce vin est compos\u00e9 de Cinsault, Grenache et Syrah\u00a0 Le nez, est fin, min\u00e9ral et fruit\u00e9, ar\u00f4me de cerise avec une l\u00e9g\u00e8re touche de vanille venant adoucir la complexit\u00e9 de ce vin. En bouche, l\u2019attaque est franche et tr\u00e8s \u00e9quilibr\u00e9, ce vin est friand, souple, fruit\u00e9, avec une belle persistance aromatique fra\u00eeche et min\u00e9rale. C\u2019est &hellip;<\/p>\n<p class=\"read-more\"> <a class=\"\" href=\"https:\/\/www.chateau-saintmartin-de-graves.com\/boutique\/product\/aop-languedoc-rose-bleu\/\"> <span class=\"screen-reader-text\">AOP Languedoc Ros\u00e9 Bleu<\/span> Lire la suite\u00a0\u00bb<\/a><\/p>\n","protected":false},"featured_media":202,"template":"","meta":{"site-sidebar-layout":"default","site-content-layout":"","ast-site-content-layout":"default","site-content-style":"default","site-sidebar-style":"default","ast-global-header-display":"","ast-banner-title-visibility":"","ast-main-header-display":"","ast-hfb-above-header-display":"","ast-hfb-below-header-display":"","ast-hfb-mobile-header-display":"","site-post-title":"","ast-breadcrumbs-content":"","ast-featured-img":"","footer-sml-layout":"","theme-transparent-header-meta":"default","adv-header-id-meta":"","stick-header-meta":"","header-above-stick-meta":"","header-main-stick-meta":"","header-below-stick-meta":"","astra-migrate-meta-layouts":"set"},"product_cat":[15],"product_tag":[],"_links":{"self":[{"href":"https:\/\/www.chateau-saintmartin-de-graves.com\/boutique\/wp-json\/wp\/v2\/product\/72"}],"collection":[{"href":"https:\/\/www.chateau-saintmartin-de-graves.com\/boutique\/wp-json\/wp\/v2\/product"}],"about":[{"href":"https:\/\/www.chateau-saintmartin-de-graves.com\/boutique\/wp-json\/wp\/v2\/types\/product"}],"wp:featuredmedia":[{"embeddable":true,"href":"https:\/\/www.chateau-saintmartin-de-graves.com\/boutique\/wp-json\/wp\/v2\/media\/202"}],"wp:attachment":[{"href":"https:\/\/www.chateau-saintmartin-de-graves.com\/boutique\/wp-json\/wp\/v2\/media?parent=72"}],"wp:term":[{"taxonomy":"product_cat","embeddable":true,"href":"https:\/\/www.chateau-saintmartin-de-graves.com\/boutique\/wp-json\/wp\/v2\/product_cat?post=72"},{"taxonomy":"product_tag","embeddable":true,"href":"https:\/\/www.chateau-saintmartin-de-graves.com\/boutique\/wp-json\/wp\/v2\/product_tag?post=72"}],"curies":[{"name":"wp","href":"https:\/\/api.w.org\/{rel}","templated":true}]}}