{"id":57,"date":"2023-12-12T10:55:52","date_gmt":"2023-12-12T10:55:52","guid":{"rendered":"https:\/\/chateau-saintmartin-de-graves.com\/boutique\/?post_type=product&#038;p=57"},"modified":"2025-04-01T10:22:28","modified_gmt":"2025-04-01T10:22:28","slug":"aop-languedoc-la-grande-maison-2","status":"publish","type":"product","link":"https:\/\/www.chateau-saintmartin-de-graves.com\/boutique\/product\/aop-languedoc-la-grande-maison-2\/","title":{"rendered":"AOP LANGUEDOC La Grande Maison blanc"},"content":{"rendered":"<p>Cette cuv\u00e9e est un bel assemblage de Grenache Blanc et Vermentino aux notes exotiques. La Grande Maison procure un plaisir imm\u00e9diat avec un excellent \u00e9quilibre entre fra\u00eecheur, rondeur et longueur. Ces ar\u00f4mes fondus vous s\u00e9duiront par une bouche tendre, rafra\u00eechissante et harmonieuse. Un nez complexe entre ar\u00f4mes exotiques, petites fleurs blanches et acacia. Ce vin, d\u2019une grande finesse, est un pur fruit du soleil que vous pourrez conserver en cave 5 ann\u00e9es.<\/p>\n<p><a href=\"https:\/\/chateau-saintmartin-de-graves.com\/boutique\/wp-content\/uploads\/2023\/12\/Grande_Maison_Blanc_-aop.pdf\">Fiche technique<\/a><\/p>\n","protected":false},"excerpt":{"rendered":"<p>Cette cuv\u00e9e est un bel assemblage de Grenache Blanc et Vermentino aux notes exotiques. La Grande Maison procure un plaisir imm\u00e9diat avec un excellent \u00e9quilibre entre fra\u00eecheur, rondeur et longueur. Ces ar\u00f4mes fondus vous s\u00e9duiront par une bouche tendre, rafra\u00eechissante et harmonieuse. Un nez complexe entre ar\u00f4mes exotiques, petites fleurs blanches et acacia. Ce vin, &hellip;<\/p>\n<p class=\"read-more\"> <a class=\"\" href=\"https:\/\/www.chateau-saintmartin-de-graves.com\/boutique\/product\/aop-languedoc-la-grande-maison-2\/\"> <span class=\"screen-reader-text\">AOP LANGUEDOC La Grande Maison blanc<\/span> Lire la suite\u00a0\u00bb<\/a><\/p>\n","protected":false},"featured_media":102,"template":"","meta":{"site-sidebar-layout":"default","site-content-layout":"","ast-site-content-layout":"default","site-content-style":"default","site-sidebar-style":"default","ast-global-header-display":"","ast-banner-title-visibility":"","ast-main-header-display":"","ast-hfb-above-header-display":"","ast-hfb-below-header-display":"","ast-hfb-mobile-header-display":"","site-post-title":"","ast-breadcrumbs-content":"","ast-featured-img":"","footer-sml-layout":"","theme-transparent-header-meta":"default","adv-header-id-meta":"","stick-header-meta":"","header-above-stick-meta":"","header-main-stick-meta":"","header-below-stick-meta":"","astra-migrate-meta-layouts":"set"},"product_cat":[15],"product_tag":[],"_links":{"self":[{"href":"https:\/\/www.chateau-saintmartin-de-graves.com\/boutique\/wp-json\/wp\/v2\/product\/57"}],"collection":[{"href":"https:\/\/www.chateau-saintmartin-de-graves.com\/boutique\/wp-json\/wp\/v2\/product"}],"about":[{"href":"https:\/\/www.chateau-saintmartin-de-graves.com\/boutique\/wp-json\/wp\/v2\/types\/product"}],"wp:featuredmedia":[{"embeddable":true,"href":"https:\/\/www.chateau-saintmartin-de-graves.com\/boutique\/wp-json\/wp\/v2\/media\/102"}],"wp:attachment":[{"href":"https:\/\/www.chateau-saintmartin-de-graves.com\/boutique\/wp-json\/wp\/v2\/media?parent=57"}],"wp:term":[{"taxonomy":"product_cat","embeddable":true,"href":"https:\/\/www.chateau-saintmartin-de-graves.com\/boutique\/wp-json\/wp\/v2\/product_cat?post=57"},{"taxonomy":"product_tag","embeddable":true,"href":"https:\/\/www.chateau-saintmartin-de-graves.com\/boutique\/wp-json\/wp\/v2\/product_tag?post=57"}],"curies":[{"name":"wp","href":"https:\/\/api.w.org\/{rel}","templated":true}]}}