{"id":54,"date":"2023-12-12T10:47:31","date_gmt":"2023-12-12T10:47:31","guid":{"rendered":"https:\/\/chateau-saintmartin-de-graves.com\/boutique\/?post_type=product&#038;p=54"},"modified":"2025-04-01T10:23:35","modified_gmt":"2025-04-01T10:23:35","slug":"aop-languedoc-la-grande-maison","status":"publish","type":"product","link":"https:\/\/www.chateau-saintmartin-de-graves.com\/boutique\/product\/aop-languedoc-la-grande-maison\/","title":{"rendered":"AOP LANGUEDOC La grande Maison rouge"},"content":{"rendered":"<p>Cette cuv\u00e9e \u201cPrestige\u201d du Languedoc est issue d\u2019un harmonieux assemblage de Syrah, Grenache qui nous donne un vin \u00e0 la belle robe couleur rubis intense, un nez complexe avec des notes florales de violettes et roses rouges compl\u00e9t\u00e9 de petits fruits rouges et \u00e9pices douces. La bouche est tendre et gourmande avec une jolie finale fruit\u00e9e.<\/p>\n<p><a href=\"https:\/\/chateau-saintmartin-de-graves.com\/boutique\/wp-content\/uploads\/2023\/12\/la-grande-maison-rouge.pdf\">Fiche technique<\/a><\/p>\n","protected":false},"excerpt":{"rendered":"<p>Cette cuv\u00e9e \u201cPrestige\u201d du Languedoc est issue d\u2019un harmonieux assemblage de Syrah, Grenache qui nous donne un vin \u00e0 la belle robe couleur rubis intense, un nez complexe avec des notes florales de violettes et roses rouges compl\u00e9t\u00e9 de petits fruits rouges et \u00e9pices douces. La bouche est tendre et gourmande avec une jolie finale &hellip;<\/p>\n<p class=\"read-more\"> <a class=\"\" href=\"https:\/\/www.chateau-saintmartin-de-graves.com\/boutique\/product\/aop-languedoc-la-grande-maison\/\"> <span class=\"screen-reader-text\">AOP LANGUEDOC La grande Maison rouge<\/span> Lire la suite\u00a0\u00bb<\/a><\/p>\n","protected":false},"featured_media":103,"template":"","meta":{"site-sidebar-layout":"default","site-content-layout":"","ast-site-content-layout":"default","site-content-style":"default","site-sidebar-style":"default","ast-global-header-display":"","ast-banner-title-visibility":"","ast-main-header-display":"","ast-hfb-above-header-display":"","ast-hfb-below-header-display":"","ast-hfb-mobile-header-display":"","site-post-title":"","ast-breadcrumbs-content":"","ast-featured-img":"","footer-sml-layout":"","theme-transparent-header-meta":"default","adv-header-id-meta":"","stick-header-meta":"","header-above-stick-meta":"","header-main-stick-meta":"","header-below-stick-meta":"","astra-migrate-meta-layouts":"set"},"product_cat":[15],"product_tag":[],"_links":{"self":[{"href":"https:\/\/www.chateau-saintmartin-de-graves.com\/boutique\/wp-json\/wp\/v2\/product\/54"}],"collection":[{"href":"https:\/\/www.chateau-saintmartin-de-graves.com\/boutique\/wp-json\/wp\/v2\/product"}],"about":[{"href":"https:\/\/www.chateau-saintmartin-de-graves.com\/boutique\/wp-json\/wp\/v2\/types\/product"}],"wp:featuredmedia":[{"embeddable":true,"href":"https:\/\/www.chateau-saintmartin-de-graves.com\/boutique\/wp-json\/wp\/v2\/media\/103"}],"wp:attachment":[{"href":"https:\/\/www.chateau-saintmartin-de-graves.com\/boutique\/wp-json\/wp\/v2\/media?parent=54"}],"wp:term":[{"taxonomy":"product_cat","embeddable":true,"href":"https:\/\/www.chateau-saintmartin-de-graves.com\/boutique\/wp-json\/wp\/v2\/product_cat?post=54"},{"taxonomy":"product_tag","embeddable":true,"href":"https:\/\/www.chateau-saintmartin-de-graves.com\/boutique\/wp-json\/wp\/v2\/product_tag?post=54"}],"curies":[{"name":"wp","href":"https:\/\/api.w.org\/{rel}","templated":true}]}}