{"id":52,"date":"2023-12-12T10:34:31","date_gmt":"2023-12-12T10:34:31","guid":{"rendered":"https:\/\/chateau-saintmartin-de-graves.com\/boutique\/?post_type=product&#038;p=52"},"modified":"2026-04-14T11:25:36","modified_gmt":"2026-04-14T11:25:36","slug":"aop-languedoc-chateau-saint-martin-de-graves","status":"publish","type":"product","link":"https:\/\/www.chateau-saintmartin-de-graves.com\/boutique\/product\/aop-languedoc-chateau-saint-martin-de-graves\/","title":{"rendered":"AOP LANGUEDOC Ch\u00e2teau Saint-Martin de Graves"},"content":{"rendered":"<p>Le Ch\u00e2teau Saint-Martin de Graves est situ\u00e9 sur l\u2019appellation Coteaux du Languedoc, dont les vins conjuguent la douceur du climat m\u00e9diterran\u00e9en et la complexit\u00e9 aromatique de la garrigue. Ce vin est compos\u00e9 de Grenache vieilles vignes et de Syrah. Il pr\u00e9sente une robe rouge sombre d\u2019une belle brillance, un bouquet torr\u00e9fi\u00e9 avec des ar\u00f4mes de fruits rouges sauvages et de de fleurs. La bouche est souple et longue avec des tannins frais et sucr\u00e9s. Servir \u00e0 14\u00b0C. Ouvrir et carafer 1 heure avant pour une d\u00e9gustation optimale.<\/p>\n<p><a href=\"https:\/\/chateau-saintmartin-de-graves.com\/boutique\/wp-content\/uploads\/2023\/08\/saint-martin-grave.pdf\">Fiche technique<\/a><\/p>\n","protected":false},"excerpt":{"rendered":"<p>Le Ch\u00e2teau Saint-Martin de Graves est situ\u00e9 sur l\u2019appellation Coteaux du Languedoc, dont les vins conjuguent la douceur du climat m\u00e9diterran\u00e9en et la complexit\u00e9 aromatique de la garrigue. Ce vin est compos\u00e9 de Grenache vieilles vignes et de Syrah. Il pr\u00e9sente une robe rouge sombre d\u2019une belle brillance, un bouquet torr\u00e9fi\u00e9 avec des ar\u00f4mes de &hellip;<\/p>\n<p class=\"read-more\"> <a class=\"\" href=\"https:\/\/www.chateau-saintmartin-de-graves.com\/boutique\/product\/aop-languedoc-chateau-saint-martin-de-graves\/\"> <span class=\"screen-reader-text\">AOP LANGUEDOC Ch\u00e2teau Saint-Martin de Graves<\/span> Lire la suite\u00a0\u00bb<\/a><\/p>\n","protected":false},"featured_media":53,"template":"","meta":{"site-sidebar-layout":"default","site-content-layout":"","ast-site-content-layout":"default","site-content-style":"default","site-sidebar-style":"default","ast-global-header-display":"","ast-banner-title-visibility":"","ast-main-header-display":"","ast-hfb-above-header-display":"","ast-hfb-below-header-display":"","ast-hfb-mobile-header-display":"","site-post-title":"","ast-breadcrumbs-content":"","ast-featured-img":"","footer-sml-layout":"","theme-transparent-header-meta":"default","adv-header-id-meta":"","stick-header-meta":"","header-above-stick-meta":"","header-main-stick-meta":"","header-below-stick-meta":"","astra-migrate-meta-layouts":"set"},"product_cat":[15],"product_tag":[],"_links":{"self":[{"href":"https:\/\/www.chateau-saintmartin-de-graves.com\/boutique\/wp-json\/wp\/v2\/product\/52"}],"collection":[{"href":"https:\/\/www.chateau-saintmartin-de-graves.com\/boutique\/wp-json\/wp\/v2\/product"}],"about":[{"href":"https:\/\/www.chateau-saintmartin-de-graves.com\/boutique\/wp-json\/wp\/v2\/types\/product"}],"wp:featuredmedia":[{"embeddable":true,"href":"https:\/\/www.chateau-saintmartin-de-graves.com\/boutique\/wp-json\/wp\/v2\/media\/53"}],"wp:attachment":[{"href":"https:\/\/www.chateau-saintmartin-de-graves.com\/boutique\/wp-json\/wp\/v2\/media?parent=52"}],"wp:term":[{"taxonomy":"product_cat","embeddable":true,"href":"https:\/\/www.chateau-saintmartin-de-graves.com\/boutique\/wp-json\/wp\/v2\/product_cat?post=52"},{"taxonomy":"product_tag","embeddable":true,"href":"https:\/\/www.chateau-saintmartin-de-graves.com\/boutique\/wp-json\/wp\/v2\/product_tag?post=52"}],"curies":[{"name":"wp","href":"https:\/\/api.w.org\/{rel}","templated":true}]}}