{"id":215,"date":"2025-11-19T16:32:44","date_gmt":"2025-11-19T16:32:44","guid":{"rendered":"https:\/\/www.chateau-saintmartin-de-graves.com\/boutique\/?post_type=product&#038;p=215"},"modified":"2025-11-21T15:58:08","modified_gmt":"2025-11-21T15:58:08","slug":"champagne-brut-ruinart","status":"publish","type":"product","link":"https:\/\/www.chateau-saintmartin-de-graves.com\/boutique\/product\/champagne-brut-ruinart\/","title":{"rendered":"Champagne Brut Ruinart 75cl"},"content":{"rendered":"<p><em><strong>\u00c9LABORATION<\/strong><\/em><br \/>\n&#8211; Vendanges manuelles<br \/>\n&#8211; Fermentation alcoolique en cuves inox thermor\u00e9gul\u00e9es<br \/>\n&#8211; Fermentation malolactique compl\u00e8te<br \/>\n&#8211; Assemblage de 40 \u00e0 50 crus<br \/>\n&#8211; 20 \u00e0 30% de vin de r\u00e9serve<br \/>\n&#8211; 2 \u00e0 3 ans de vieillissement<br \/>\n&#8211; Dosage : 7g\/l<\/p>\n<p><em><strong>D\u00c9GUSTATION<\/strong><\/em><br \/>\nRuinart Brut se caract\u00e9rise par sa robe chatoyante, jaune et or. Pour commencer, cette cuv\u00e9e laisse deviner des parfums d\u2019automne<br \/>\net d\u2019\u00e9t\u00e9, avec de subtiles notes fruit\u00e9es de pomme reinette et d\u2019abricot, ainsi que de noisette et d\u2019amande fra\u00eeche. Une pointe de<br \/>\ncomplexit\u00e9 vient s\u2019ajouter avec des touches de fleurs de sureau et de graines de coriandre. Le deuxi\u00e8me nez laisse ensuite place \u00e0 des<br \/>\neffluves intenses de brioche et de biscuits.<br \/>\nDes ar\u00f4mes suaves de fruits jaunes, de tartes aux prunes et de fruits \u00e0 noyaux m\u00fbrs se r\u00e9v\u00e8lent en bouche. Une rondeur harmonieuse<br \/>\net persistante enveloppe alors le palais. La note finale rappelle la pr\u00e9sence du chardonnay dans l\u2019assemblage, avec sa fra\u00eecheur<br \/>\ncaract\u00e9ristique.<br \/>\n<em><strong>ACCORDS METS &amp; VINS<\/strong><\/em><br \/>\nR de Ruinart est un vin frais, tout en rondeur, qui s\u2019allie parfaitement avec une cuisine simple et authentique \u00e0 base de produits bruts :<br \/>\n&#8211; Coquilles Saint-Jacques \u00e0 la plancha.<br \/>\n&#8211; Tarte aux l\u00e9gumes de saison &amp; fromage de ch\u00e8vre.<br \/>\n&#8211; Brie au miel et aux amandes.<\/p>\n<p><strong><em>CONDITIONS<\/em> DE GARDE<\/strong><br \/>\nDans les conditions optimales, \u00e0 l\u2019abri de la lumi\u00e8re (artifcielle et naturelle)<br \/>\net \u00e0 temp\u00e9rature constante, entre 10 et 15\u00b0C.<\/p>\n<p><strong>SERVICE<\/strong><br \/>\nEn toute simplicit\u00e9 :<br \/>\n&#8211; Au r\u00e9frig\u00e9rateur : minimum 4 heures avant d\u00e9gustation (proscrire le cong\u00e9lateur).<br \/>\n&#8211; En seau \u00e0 glace : 2 tiers d\u2019eau, 1 tiers de glace pendant au moins 20 minutes.<br \/>\n&#8211; Temp\u00e9rature de service : 8-10\u00b0C = 50-54\u00b0F.<br \/>\n&#8211; Verre tulipe \u00e0 champagne ou verre \u00e0 vin blanc.<\/p>\n","protected":false},"excerpt":{"rendered":"<p>\u00c9LABORATION &#8211; Vendanges manuelles &#8211; Fermentation alcoolique en cuves inox thermor\u00e9gul\u00e9es &#8211; Fermentation malolactique compl\u00e8te &#8211; Assemblage de 40 \u00e0 50 crus &#8211; 20 \u00e0 30% de vin de r\u00e9serve &#8211; 2 \u00e0 3 ans de vieillissement &#8211; Dosage : 7g\/l D\u00c9GUSTATION Ruinart Brut se caract\u00e9rise par sa robe chatoyante, jaune et or. Pour commencer, &hellip;<\/p>\n<p class=\"read-more\"> <a class=\"\" href=\"https:\/\/www.chateau-saintmartin-de-graves.com\/boutique\/product\/champagne-brut-ruinart\/\"> <span class=\"screen-reader-text\">Champagne Brut Ruinart 75cl<\/span> Lire la suite\u00a0\u00bb<\/a><\/p>\n","protected":false},"featured_media":217,"template":"","meta":{"site-sidebar-layout":"default","site-content-layout":"","ast-site-content-layout":"default","site-content-style":"default","site-sidebar-style":"default","ast-global-header-display":"","ast-banner-title-visibility":"","ast-main-header-display":"","ast-hfb-above-header-display":"","ast-hfb-below-header-display":"","ast-hfb-mobile-header-display":"","site-post-title":"","ast-breadcrumbs-content":"","ast-featured-img":"","footer-sml-layout":"","theme-transparent-header-meta":"default","adv-header-id-meta":"","stick-header-meta":"","header-above-stick-meta":"","header-main-stick-meta":"","header-below-stick-meta":"","astra-migrate-meta-layouts":"set"},"product_cat":[19],"product_tag":[],"_links":{"self":[{"href":"https:\/\/www.chateau-saintmartin-de-graves.com\/boutique\/wp-json\/wp\/v2\/product\/215"}],"collection":[{"href":"https:\/\/www.chateau-saintmartin-de-graves.com\/boutique\/wp-json\/wp\/v2\/product"}],"about":[{"href":"https:\/\/www.chateau-saintmartin-de-graves.com\/boutique\/wp-json\/wp\/v2\/types\/product"}],"wp:featuredmedia":[{"embeddable":true,"href":"https:\/\/www.chateau-saintmartin-de-graves.com\/boutique\/wp-json\/wp\/v2\/media\/217"}],"wp:attachment":[{"href":"https:\/\/www.chateau-saintmartin-de-graves.com\/boutique\/wp-json\/wp\/v2\/media?parent=215"}],"wp:term":[{"taxonomy":"product_cat","embeddable":true,"href":"https:\/\/www.chateau-saintmartin-de-graves.com\/boutique\/wp-json\/wp\/v2\/product_cat?post=215"},{"taxonomy":"product_tag","embeddable":true,"href":"https:\/\/www.chateau-saintmartin-de-graves.com\/boutique\/wp-json\/wp\/v2\/product_tag?post=215"}],"curies":[{"name":"wp","href":"https:\/\/api.w.org\/{rel}","templated":true}]}}