{"id":182,"date":"2024-11-07T14:17:12","date_gmt":"2024-11-07T14:17:12","guid":{"rendered":"https:\/\/www.chateau-saintmartin-de-graves.com\/boutique\/?post_type=product&#038;p=182"},"modified":"2025-05-09T14:55:18","modified_gmt":"2025-05-09T14:55:18","slug":"coffret-2-flutes-1-bouteille-champagne-georges-cartier-brut-1ere-cuvee","status":"publish","type":"product","link":"https:\/\/www.chateau-saintmartin-de-graves.com\/boutique\/product\/coffret-2-flutes-1-bouteille-champagne-georges-cartier-brut-1ere-cuvee\/","title":{"rendered":"Coffret 2 fl\u00fbtes +1 bouteille Champagne Georges Cartier &#8211; Brut 1\u00e8re cuv\u00e9e"},"content":{"rendered":"<p>Coffret Prestige 2 fl\u00fbtes + 1 bouteille de Champagnes Georges Cartier<\/p>\n<p>Brut 1 \u00e8re cuv\u00e9e 75cl<\/p>\n","protected":false},"excerpt":{"rendered":"<p>Coffret Prestige 2 fl\u00fbtes + 1 bouteilles de Champagnes Georges Cartier<\/p>\n<p>Brut 1 \u00e8re cuv\u00e9e 75cl<\/p>\n","protected":false},"featured_media":183,"template":"","meta":{"site-sidebar-layout":"default","site-content-layout":"","ast-site-content-layout":"default","site-content-style":"default","site-sidebar-style":"default","ast-global-header-display":"","ast-banner-title-visibility":"","ast-main-header-display":"","ast-hfb-above-header-display":"","ast-hfb-below-header-display":"","ast-hfb-mobile-header-display":"","site-post-title":"","ast-breadcrumbs-content":"","ast-featured-img":"","footer-sml-layout":"","theme-transparent-header-meta":"default","adv-header-id-meta":"","stick-header-meta":"","header-above-stick-meta":"","header-main-stick-meta":"","header-below-stick-meta":"","astra-migrate-meta-layouts":"set"},"product_cat":[19],"product_tag":[],"_links":{"self":[{"href":"https:\/\/www.chateau-saintmartin-de-graves.com\/boutique\/wp-json\/wp\/v2\/product\/182"}],"collection":[{"href":"https:\/\/www.chateau-saintmartin-de-graves.com\/boutique\/wp-json\/wp\/v2\/product"}],"about":[{"href":"https:\/\/www.chateau-saintmartin-de-graves.com\/boutique\/wp-json\/wp\/v2\/types\/product"}],"wp:featuredmedia":[{"embeddable":true,"href":"https:\/\/www.chateau-saintmartin-de-graves.com\/boutique\/wp-json\/wp\/v2\/media\/183"}],"wp:attachment":[{"href":"https:\/\/www.chateau-saintmartin-de-graves.com\/boutique\/wp-json\/wp\/v2\/media?parent=182"}],"wp:term":[{"taxonomy":"product_cat","embeddable":true,"href":"https:\/\/www.chateau-saintmartin-de-graves.com\/boutique\/wp-json\/wp\/v2\/product_cat?post=182"},{"taxonomy":"product_tag","embeddable":true,"href":"https:\/\/www.chateau-saintmartin-de-graves.com\/boutique\/wp-json\/wp\/v2\/product_tag?post=182"}],"curies":[{"name":"wp","href":"https:\/\/api.w.org\/{rel}","templated":true}]}}