{"id":162,"date":"2024-05-30T10:24:13","date_gmt":"2024-05-30T10:24:13","guid":{"rendered":"https:\/\/www.chateau-saintmartin-de-graves.com\/boutique\/?post_type=product&#038;p=162"},"modified":"2024-10-15T14:03:45","modified_gmt":"2024-10-15T14:03:45","slug":"champagne-blanc-de-blancs-georges-cartier","status":"publish","type":"product","link":"https:\/\/www.chateau-saintmartin-de-graves.com\/boutique\/product\/champagne-blanc-de-blancs-georges-cartier\/","title":{"rendered":"Champagne Blanc de Blancs  Georges Cartier"},"content":{"rendered":"<p>Assemblage : 100% Chardonnay<\/p>\n<p>Principaux crus : Mesnil-sur-Oger et Oger<\/p>\n<p>Note de d\u00e9gustation:<\/p>\n<p>Oeil : robe or p\u00e2le lumineuse<\/p>\n<p>Nez : Exprime toute la fra\u00eecheur et la min\u00e9ralit\u00e9 du Chardonnay et \u00e9volue vers des ar\u00f4mes d&#8217;agrumes et de fruits secs.<\/p>\n<p>Bouche: Fra\u00eeche et a\u00e9rienne, bien \u00e9quilibr\u00e9e avec ses notes de miel. Ce vin pr\u00e9sente un potentiel de garde exceptionnel<\/p>\n<p>Accords mets\/vins : \u00e0 d\u00e9guster entre 8\u00b0 et 10\u00b0, pour un ap\u00e9ritif d&#8217;exception. Sa complexit\u00e9 lui permet \u00e9galement d&#8217;accompagner poissons et viandes blanches.<\/p>\n<p>&nbsp;<\/p>\n","protected":false},"excerpt":{"rendered":"<p>Assemblage : 100% Chardonnay Principaux crus : Mesnil-sur-Oger et Oger Note de d\u00e9gustation: Oeil : robe or p\u00e2le lumineuse Nez : Exprime toute la fra\u00eecheur et la min\u00e9ralit\u00e9 du Chardonnay et \u00e9volue vers des ar\u00f4mes d&#8217;agrumes et de fruits secs. Bouche: Fra\u00eeche et a\u00e9rienne, bien \u00e9quilibr\u00e9e avec ses notes de miel. Ce vin pr\u00e9sente un &hellip;<\/p>\n<p class=\"read-more\"> <a class=\"\" href=\"https:\/\/www.chateau-saintmartin-de-graves.com\/boutique\/product\/champagne-blanc-de-blancs-georges-cartier\/\"> <span class=\"screen-reader-text\">Champagne Blanc de Blancs  Georges Cartier<\/span> Lire la suite\u00a0\u00bb<\/a><\/p>\n","protected":false},"featured_media":163,"template":"","meta":{"site-sidebar-layout":"default","site-content-layout":"","ast-site-content-layout":"default","site-content-style":"default","site-sidebar-style":"default","ast-global-header-display":"","ast-banner-title-visibility":"","ast-main-header-display":"","ast-hfb-above-header-display":"","ast-hfb-below-header-display":"","ast-hfb-mobile-header-display":"","site-post-title":"","ast-breadcrumbs-content":"","ast-featured-img":"","footer-sml-layout":"","theme-transparent-header-meta":"default","adv-header-id-meta":"","stick-header-meta":"","header-above-stick-meta":"","header-main-stick-meta":"","header-below-stick-meta":"","astra-migrate-meta-layouts":"set"},"product_cat":[19],"product_tag":[],"_links":{"self":[{"href":"https:\/\/www.chateau-saintmartin-de-graves.com\/boutique\/wp-json\/wp\/v2\/product\/162"}],"collection":[{"href":"https:\/\/www.chateau-saintmartin-de-graves.com\/boutique\/wp-json\/wp\/v2\/product"}],"about":[{"href":"https:\/\/www.chateau-saintmartin-de-graves.com\/boutique\/wp-json\/wp\/v2\/types\/product"}],"wp:featuredmedia":[{"embeddable":true,"href":"https:\/\/www.chateau-saintmartin-de-graves.com\/boutique\/wp-json\/wp\/v2\/media\/163"}],"wp:attachment":[{"href":"https:\/\/www.chateau-saintmartin-de-graves.com\/boutique\/wp-json\/wp\/v2\/media?parent=162"}],"wp:term":[{"taxonomy":"product_cat","embeddable":true,"href":"https:\/\/www.chateau-saintmartin-de-graves.com\/boutique\/wp-json\/wp\/v2\/product_cat?post=162"},{"taxonomy":"product_tag","embeddable":true,"href":"https:\/\/www.chateau-saintmartin-de-graves.com\/boutique\/wp-json\/wp\/v2\/product_tag?post=162"}],"curies":[{"name":"wp","href":"https:\/\/api.w.org\/{rel}","templated":true}]}}