{"id":158,"date":"2024-05-30T09:38:54","date_gmt":"2024-05-30T09:38:54","guid":{"rendered":"https:\/\/www.chateau-saintmartin-de-graves.com\/boutique\/?post_type=product&#038;p=158"},"modified":"2024-10-25T10:23:07","modified_gmt":"2024-10-25T10:23:07","slug":"champagne-brut-rose-georges-cartier","status":"publish","type":"product","link":"https:\/\/www.chateau-saintmartin-de-graves.com\/boutique\/product\/champagne-brut-rose-georges-cartier\/","title":{"rendered":"Champagne Brut ros\u00e9 Georges Cartier"},"content":{"rendered":"<p>60% Pinot Noir, 30% Chardonnay et 10% Pinot Meunier, le champagne Georges Cartier est le fruit d&#8217;un subtil assemblage des trois c\u00e9pages champenois. Ce Champagne sera le complice parfait de vos printemps et de vos \u00e9t\u00e9s, lors d&#8217;occasions festives ou romantiques. Sa couleur ros\u00e9e &#8220;reflets cuivr\u00e9s&#8221;, ses ar\u00f4mes de fruits rouges et sa finesse font de ce champagne une champagne d&#8217;une grande \u00e9l\u00e9gance.<\/p>\n<p>Note de d\u00e9gustation:<\/p>\n<p>Oeil : une couleur ros\u00e9e aux reflets cuivr\u00e9s, avec une effervescence g\u00e9n\u00e9reuse, fine et anim\u00e9e.<\/p>\n<p>Nez : Les ar\u00f4mes d\u00e9licats de fraise des bois, framboise et m\u00fbre sauvage.<\/p>\n<p>Bouche: les saveurs de fruits rouges sont compl\u00e9t\u00e9es par des nuances chocolat\u00e9es et des parfums de fruits secs.<\/p>\n<p>Il s&#8217;appr\u00e9ciera \u00e0 l&#8217;ap\u00e9ritif pour sa fraicheur, mais \u00e9galement avec des crustac\u00e9s, des viandes ros\u00e9es ou des desserts \u00e0 base de fruits rouges.<\/p>\n<p>&nbsp;<\/p>\n","protected":false},"excerpt":{"rendered":"<p>60% Pinot Noir, 30% Chardonnay et 10% Pinot Meunier, le champagne Georges Cartier est le fruit d&#8217;un subtil assemblage des trois c\u00e9pages champenois. Ce Champagne sera le complice parfait de vos printemps et de vos \u00e9t\u00e9s, lors d&#8217;occasions festives ou romantiques. Sa couleur ros\u00e9e &#8220;reflets cuivr\u00e9s&#8221;, ses ar\u00f4mes de fruits rouges et sa finesse font &hellip;<\/p>\n<p class=\"read-more\"> <a class=\"\" href=\"https:\/\/www.chateau-saintmartin-de-graves.com\/boutique\/product\/champagne-brut-rose-georges-cartier\/\"> <span class=\"screen-reader-text\">Champagne Brut ros\u00e9 Georges Cartier<\/span> Lire la suite\u00a0\u00bb<\/a><\/p>\n","protected":false},"featured_media":160,"template":"","meta":{"site-sidebar-layout":"default","site-content-layout":"","ast-site-content-layout":"default","site-content-style":"default","site-sidebar-style":"default","ast-global-header-display":"","ast-banner-title-visibility":"","ast-main-header-display":"","ast-hfb-above-header-display":"","ast-hfb-below-header-display":"","ast-hfb-mobile-header-display":"","site-post-title":"","ast-breadcrumbs-content":"","ast-featured-img":"","footer-sml-layout":"","theme-transparent-header-meta":"default","adv-header-id-meta":"","stick-header-meta":"","header-above-stick-meta":"","header-main-stick-meta":"","header-below-stick-meta":"","astra-migrate-meta-layouts":"set"},"product_cat":[19],"product_tag":[],"_links":{"self":[{"href":"https:\/\/www.chateau-saintmartin-de-graves.com\/boutique\/wp-json\/wp\/v2\/product\/158"}],"collection":[{"href":"https:\/\/www.chateau-saintmartin-de-graves.com\/boutique\/wp-json\/wp\/v2\/product"}],"about":[{"href":"https:\/\/www.chateau-saintmartin-de-graves.com\/boutique\/wp-json\/wp\/v2\/types\/product"}],"wp:featuredmedia":[{"embeddable":true,"href":"https:\/\/www.chateau-saintmartin-de-graves.com\/boutique\/wp-json\/wp\/v2\/media\/160"}],"wp:attachment":[{"href":"https:\/\/www.chateau-saintmartin-de-graves.com\/boutique\/wp-json\/wp\/v2\/media?parent=158"}],"wp:term":[{"taxonomy":"product_cat","embeddable":true,"href":"https:\/\/www.chateau-saintmartin-de-graves.com\/boutique\/wp-json\/wp\/v2\/product_cat?post=158"},{"taxonomy":"product_tag","embeddable":true,"href":"https:\/\/www.chateau-saintmartin-de-graves.com\/boutique\/wp-json\/wp\/v2\/product_tag?post=158"}],"curies":[{"name":"wp","href":"https:\/\/api.w.org\/{rel}","templated":true}]}}