{"id":153,"date":"2024-05-30T08:59:07","date_gmt":"2024-05-30T08:59:07","guid":{"rendered":"https:\/\/www.chateau-saintmartin-de-graves.com\/boutique\/?post_type=product&#038;p=153"},"modified":"2024-10-25T10:23:18","modified_gmt":"2024-10-25T10:23:18","slug":"champagne-brut-1ere-cuvee-georges-cartier","status":"publish","type":"product","link":"https:\/\/www.chateau-saintmartin-de-graves.com\/boutique\/product\/champagne-brut-1ere-cuvee-georges-cartier\/","title":{"rendered":"Champagne Brut 1\u00e8re cuv\u00e9e Georges Cartier"},"content":{"rendered":"<p>Bien proportionn\u00e9 avec 45% Pinot Noir, 30% Chardonnay et 25% Pinot Meunier, le champagne Georges Cartier est \u00e9labor\u00e9 avec du raisin provenant exclusivement des villages class\u00e9s &#8220;Premier cru&#8221; situ\u00e9s dans la r\u00e9gion d&#8217;Epernay. Cette particularit\u00e9 permet d&#8217;obtenir un produit parfaitement \u00e9quilibr\u00e9 et structur\u00e9 qui donne une fra\u00eecheur et une longueur en bouche \u00e9tonnantes. La bulle fine fait ressortir des notes de parfum de fruits confits tr\u00e8s agr\u00e9ables au nez.<\/p>\n<p>Notes de d\u00e9gustation :<\/p>\n<p>\u0152il : la mousse est abondante. La robe, d&#8217;un bel or, est brillante.<\/p>\n<p>Nez: il est puissant et vineux et exprime une bonne maturit\u00e9 empreinte de rondeur. Le premier nez, fruit\u00e9 et frais, \u00e9volue rapidement vers un fruit\u00e9 confit : des notes de p\u00e2tes de fruits d&#8217;abricots et quelques notes de confiserie.<\/p>\n<p>Bouche: la vinosit\u00e9 caract\u00e9ristique des pinots lui conf\u00e8re une certaine structure qui se termine par une belle longueur en bouche.<\/p>\n<p>Le champagne Georges Cartier &#8220;1\u00e8re cuv\u00e9e&#8221;, par sa personnalit\u00e9 singuli\u00e8re, invite \u00e0 \u00eatre appr\u00e9ci\u00e9 \u00e0 chaque instant de la journ\u00e9e ainsi qu&#8217;en accompagnement de repas<\/p>\n<p>&nbsp;<\/p>\n","protected":false},"excerpt":{"rendered":"<p>Bien proportionn\u00e9 avec 45% Pinot Noir, 30% Chardonnay et 25% Pinot Meunier, le champagne Georges Cartier est \u00e9labor\u00e9 avec du raisin provenant exclusivement des villages class\u00e9s &#8220;Premier cru&#8221; situ\u00e9s dans la r\u00e9gion d&#8217;Epernay. Cette particularit\u00e9 permet d&#8217;obtenir un produit parfaitement \u00e9quilibr\u00e9 et structur\u00e9 qui donne une fra\u00eecheur et une longueur en bouche \u00e9tonnantes. La bulle &hellip;<\/p>\n<p class=\"read-more\"> <a class=\"\" href=\"https:\/\/www.chateau-saintmartin-de-graves.com\/boutique\/product\/champagne-brut-1ere-cuvee-georges-cartier\/\"> <span class=\"screen-reader-text\">Champagne Brut 1\u00e8re cuv\u00e9e Georges Cartier<\/span> Lire la suite\u00a0\u00bb<\/a><\/p>\n","protected":false},"featured_media":156,"template":"","meta":{"site-sidebar-layout":"default","site-content-layout":"","ast-site-content-layout":"default","site-content-style":"default","site-sidebar-style":"default","ast-global-header-display":"","ast-banner-title-visibility":"","ast-main-header-display":"","ast-hfb-above-header-display":"","ast-hfb-below-header-display":"","ast-hfb-mobile-header-display":"","site-post-title":"","ast-breadcrumbs-content":"","ast-featured-img":"","footer-sml-layout":"","theme-transparent-header-meta":"default","adv-header-id-meta":"","stick-header-meta":"","header-above-stick-meta":"","header-main-stick-meta":"","header-below-stick-meta":"","astra-migrate-meta-layouts":"set"},"product_cat":[19],"product_tag":[],"_links":{"self":[{"href":"https:\/\/www.chateau-saintmartin-de-graves.com\/boutique\/wp-json\/wp\/v2\/product\/153"}],"collection":[{"href":"https:\/\/www.chateau-saintmartin-de-graves.com\/boutique\/wp-json\/wp\/v2\/product"}],"about":[{"href":"https:\/\/www.chateau-saintmartin-de-graves.com\/boutique\/wp-json\/wp\/v2\/types\/product"}],"wp:featuredmedia":[{"embeddable":true,"href":"https:\/\/www.chateau-saintmartin-de-graves.com\/boutique\/wp-json\/wp\/v2\/media\/156"}],"wp:attachment":[{"href":"https:\/\/www.chateau-saintmartin-de-graves.com\/boutique\/wp-json\/wp\/v2\/media?parent=153"}],"wp:term":[{"taxonomy":"product_cat","embeddable":true,"href":"https:\/\/www.chateau-saintmartin-de-graves.com\/boutique\/wp-json\/wp\/v2\/product_cat?post=153"},{"taxonomy":"product_tag","embeddable":true,"href":"https:\/\/www.chateau-saintmartin-de-graves.com\/boutique\/wp-json\/wp\/v2\/product_tag?post=153"}],"curies":[{"name":"wp","href":"https:\/\/api.w.org\/{rel}","templated":true}]}}